{"id":17,"date":"2022-03-26T20:28:24","date_gmt":"2022-03-26T17:28:24","guid":{"rendered":"http:\/\/karatastoptan.com\/?page_id=17"},"modified":"2022-08-10T12:17:23","modified_gmt":"2022-08-10T09:17:23","slug":"iletisim","status":"publish","type":"page","link":"http:\/\/karatastoptan.com\/","title":{"rendered":"\u0130leti\u015fim"},"content":{"rendered":"\n<p class=\"has-medium-font-size\"><\/p>\n\n\n\n<h2 class=\"wp-block-heading\"><\/h2>\n\n\n\n<p><\/p>\n\n\n\n<div class=\"wp-block-media-text alignwide is-stacked-on-mobile\" style=\"grid-template-columns:21% auto\"><figure class=\"wp-block-media-text__media\"><img loading=\"lazy\" decoding=\"async\" width=\"225\" height=\"225\" src=\"http:\/\/karatastoptan.com\/wp-content\/uploads\/2022\/03\/images.jpg\" alt=\"\" class=\"wp-image-48 size-full\" srcset=\"http:\/\/karatastoptan.com\/wp-content\/uploads\/2022\/03\/images.jpg 225w, http:\/\/karatastoptan.com\/wp-content\/uploads\/2022\/03\/images-150x150.jpg 150w\" sizes=\"auto, (max-width: 225px) 100vw, 225px\" \/><\/figure><div class=\"wp-block-media-text__content\">\n<p class=\"has-medium-font-size\">Tayakad\u0131n Mah. \u00dcr\u00fcn Cd. No:26<\/p>\n<p class=\"has-medium-font-size\">Osmangazi \/ Bursa<\/p>\n<p class=\"has-medium-font-size\"><a href=\"https:\/\/www.google.com\/search?rlz=1C1OKWM_trTR1009TR1009&amp;q=karata%C5%9F+tekstil+osmangazi+telefon&amp;ludocid=5970256415409698002&amp;sa=X&amp;ved=2ahUKEwjj7rCbq7D5AhULYPEDHREXAa0Q6BN6BAhFEAI\">Telefon<\/a>:\u00a0<a href=\"https:\/\/www.google.com\/search?q=karata%C5%9Ftoptan+bursa+ileti%C5%9Fim&amp;rlz=1C1OKWM_trTR1009TR1009&amp;ei=Y2LtYt7uDuy-xc8Pzv6I-AQ&amp;ved=0ahUKEwierJuUq7D5AhVsX_EDHU4_Ak8Q4dUDCA4&amp;uact=5&amp;oq=karata%C5%9Ftoptan+bursa+ileti%C5%9Fim&amp;gs_lcp=Cgdnd3Mtd2l6EAMyBQgAEKIEOgcIABBHELADSgQIQRgASgQIRhgAUKsIWJMOYOUUaAFwAXgAgAGUBYgBuxeSAQM1LTWYAQCgAQHIAQjAAQE&amp;sclient=gws-wiz#\">(0224) 224 97 38\u00a0 \u00a0 Fax: (0224) 222 09 29<\/a><\/p>\n\n\n\n<p><strong>info@karatastoptan.com <\/strong><\/p>\n<\/div><\/div>\n","protected":false},"excerpt":{"rendered":"<p>Tayakad\u0131n Mah. \u00dcr\u00fcn Cd. No:26 Osmangazi \/ Bursa Telefon:\u00a0(0224) 224 97 38\u00a0 \u00a0 Fax: (0224) 222 09 29 info@karatastoptan.com<\/p>\n","protected":false},"author":1,"featured_media":0,"parent":0,"menu_order":0,"comment_status":"closed","ping_status":"closed","template":"","meta":{"footnotes":""},"class_list":["post-17","page","type-page","status-publish","hentry"],"_links":{"self":[{"href":"http:\/\/karatastoptan.com\/index.php\/wp-json\/wp\/v2\/pages\/17","targetHints":{"allow":["GET"]}}],"collection":[{"href":"http:\/\/karatastoptan.com\/index.php\/wp-json\/wp\/v2\/pages"}],"about":[{"href":"http:\/\/karatastoptan.com\/index.php\/wp-json\/wp\/v2\/types\/page"}],"author":[{"embeddable":true,"href":"http:\/\/karatastoptan.com\/index.php\/wp-json\/wp\/v2\/users\/1"}],"replies":[{"embeddable":true,"href":"http:\/\/karatastoptan.com\/index.php\/wp-json\/wp\/v2\/comments?post=17"}],"version-history":[{"count":27,"href":"http:\/\/karatastoptan.com\/index.php\/wp-json\/wp\/v2\/pages\/17\/revisions"}],"predecessor-version":[{"id":199,"href":"http:\/\/karatastoptan.com\/index.php\/wp-json\/wp\/v2\/pages\/17\/revisions\/199"}],"wp:attachment":[{"href":"http:\/\/karatastoptan.com\/index.php\/wp-json\/wp\/v2\/media?parent=17"}],"curies":[{"name":"wp","href":"https:\/\/api.w.org\/{rel}","templated":true}]}}