{"id":12,"date":"2022-03-26T20:27:02","date_gmt":"2022-03-26T17:27:02","guid":{"rendered":"http:\/\/karatastoptan.com\/?page_id=12"},"modified":"2022-08-08T01:17:47","modified_gmt":"2022-08-07T22:17:47","slug":"hakkimizda","status":"publish","type":"page","link":"http:\/\/karatastoptan.com\/index.php\/hakkimizda\/","title":{"rendered":"Hakk\u0131m\u0131zda"},"content":{"rendered":"\n<figure class=\"wp-block-image size-full\"><img loading=\"lazy\" decoding=\"async\" width=\"376\" height=\"134\" src=\"http:\/\/karatastoptan.com\/wp-content\/uploads\/2022\/08\/indir-1-1.jpg\" alt=\"\" class=\"wp-image-175\" srcset=\"http:\/\/karatastoptan.com\/wp-content\/uploads\/2022\/08\/indir-1-1.jpg 376w, http:\/\/karatastoptan.com\/wp-content\/uploads\/2022\/08\/indir-1-1-300x107.jpg 300w\" sizes=\"auto, (max-width: 376px) 100vw, 376px\" \/><\/figure>\n\n\n<p>1985\u00a0y\u0131l\u0131nda kurulan\u00a0KARATASTOPTAN toptan \u00e7ama\u015f\u0131r alan\u0131nda faaliyet g\u00f6stermektedir.<\/p>\n<p>Toptan \u00e7ama\u015f\u0131r, \u00e7orap, pijama, e\u015fofman, \u015fapka, eldiven, mayo sekt\u00f6r\u00fcnde\u00a0kendine\u00a0yer edinen firmam\u0131z<\/p>\n<p>sizlerden alm\u0131\u015f oldu\u011fu g\u00fcvenle her ge\u00e7en g\u00fcn kendini geli\u015ftirerek b\u00fcy\u00fcmektedir. M\u00fc\u015fteri memnuniyeti<\/p>\n<p>hassasiyetiyle yola \u00e7\u0131kan ve kendisini s\u00fcrekli geli\u015ftiren\u00a0,toptan \u00e7ama\u015f\u0131r, sekt\u00f6rdeki tecr\u00fcbesiyle \u00e7\u00f6z\u00fcm<\/p>\n<p>odakl\u0131 \u00e7al\u0131\u015fma prensibini s\u00fcrd\u00fcrmektedir. Bu anlay\u0131\u015fla \u00fcr\u00fcnler d\u0131\u015f\u0131nda m\u00fc\u015fterilerinden gelen yeni \u00fcr\u00fcn<\/p>\n<p>taleplerini de\u011ferlendirerek her ge\u00e7en g\u00fcn \u00fcr\u00fcn \u00e7e\u015fitlili\u011fini geni\u015fletmekle birlikte sekt\u00f6r\u00fcn geli\u015fmesine<\/p>\n<p>katk\u0131 sa\u011flamay\u0131 vazife edinmi\u015ftir.<\/p>","protected":false},"excerpt":{"rendered":"<p>1985\u00a0y\u0131l\u0131nda kurulan\u00a0KARATASTOPTAN toptan \u00e7ama\u015f\u0131r alan\u0131nda faaliyet g\u00f6stermektedir. Toptan \u00e7ama\u015f\u0131r, \u00e7orap, pijama, e\u015fofman, \u015fapka, eldiven, mayo sekt\u00f6r\u00fcnde\u00a0kendine\u00a0yer edinen firmam\u0131z sizlerden alm\u0131\u015f oldu\u011fu g\u00fcvenle her ge\u00e7en g\u00fcn kendini geli\u015ftirerek b\u00fcy\u00fcmektedir. M\u00fc\u015fteri memnuniyeti hassasiyetiyle yola \u00e7\u0131kan ve kendisini s\u00fcrekli geli\u015ftiren\u00a0,toptan \u00e7ama\u015f\u0131r, sekt\u00f6rdeki tecr\u00fcbesiyle \u00e7\u00f6z\u00fcm odakl\u0131 \u00e7al\u0131\u015fma prensibini s\u00fcrd\u00fcrmektedir. Bu anlay\u0131\u015fla \u00fcr\u00fcnler d\u0131\u015f\u0131nda m\u00fc\u015fterilerinden gelen yeni \u00fcr\u00fcn taleplerini de\u011ferlendirerek [&hellip;]<\/p>\n","protected":false},"author":1,"featured_media":0,"parent":0,"menu_order":0,"comment_status":"closed","ping_status":"closed","template":"","meta":{"footnotes":""},"class_list":["post-12","page","type-page","status-publish","hentry"],"_links":{"self":[{"href":"http:\/\/karatastoptan.com\/index.php\/wp-json\/wp\/v2\/pages\/12","targetHints":{"allow":["GET"]}}],"collection":[{"href":"http:\/\/karatastoptan.com\/index.php\/wp-json\/wp\/v2\/pages"}],"about":[{"href":"http:\/\/karatastoptan.com\/index.php\/wp-json\/wp\/v2\/types\/page"}],"author":[{"embeddable":true,"href":"http:\/\/karatastoptan.com\/index.php\/wp-json\/wp\/v2\/users\/1"}],"replies":[{"embeddable":true,"href":"http:\/\/karatastoptan.com\/index.php\/wp-json\/wp\/v2\/comments?post=12"}],"version-history":[{"count":49,"href":"http:\/\/karatastoptan.com\/index.php\/wp-json\/wp\/v2\/pages\/12\/revisions"}],"predecessor-version":[{"id":190,"href":"http:\/\/karatastoptan.com\/index.php\/wp-json\/wp\/v2\/pages\/12\/revisions\/190"}],"wp:attachment":[{"href":"http:\/\/karatastoptan.com\/index.php\/wp-json\/wp\/v2\/media?parent=12"}],"curies":[{"name":"wp","href":"https:\/\/api.w.org\/{rel}","templated":true}]}}